{"id":221,"date":"2023-11-04T15:12:22","date_gmt":"2023-11-04T14:12:22","guid":{"rendered":"https:\/\/elevage-ethique.fr\/elevage-ethique-fr-site-et-blog-danne-vonesch-2\/"},"modified":"2026-01-06T16:23:32","modified_gmt":"2026-01-06T15:23:32","slug":"elevage-et-ethique-le-blog-de-anne-vonesch","status":"publish","type":"page","link":"https:\/\/elevage-ethique.fr\/fr\/","title":{"rendered":"\u00c9levage &#038; \u00c9thique: le blog de Anne Vonesch"},"content":{"rendered":"\n<div class=\"wp-block-media-text is-stacked-on-mobile\" style=\"grid-template-columns:20% auto\"><figure class=\"wp-block-media-text__media\"><img loading=\"lazy\" decoding=\"async\" width=\"800\" height=\"1067\" src=\"https:\/\/elevage-ethique.fr\/wp-content\/uploads\/2023\/11\/photo-Anne-800.jpg\" alt=\"\" class=\"wp-image-293 size-full\"\/><\/figure><div class=\"wp-block-media-text__content\">\n<ul class=\"wp-block-list\">\n<li><em>25 ans de plaidoyer pour les animaux d\u2019\u00e9levage<\/em><\/li>\n\n\n\n<li><em>25 ans dans la confrontation entre bien-\u00eatre des animaux, environnement et \u00e9conomie<\/em><\/li>\n\n\n\n<li><em>45 ans d\u2019engagement associatif avec Alsace Nature, puis France Nature Environnement et le Bureau Europ\u00e9en de l\u2019Environnement<\/em>, <em>ainsi que l&rsquo;exp\u00e9rience enrichissante du Collectif Plein Air<\/em><\/li>\n<\/ul>\n\n\n\n<p><strong>NOUVEAU : <a href=\"https:\/\/elevage-ethique.fr\/wp-content\/uploads\/2026\/01\/AVonesch_Etude-sur-les-veaux-laitiers_2025.pdf\" data-type=\"attachment\" data-id=\"664\">Etude sur les veaux laitiers<\/a><\/strong><\/p>\n<\/div><\/div>\n\n\n\n<h1 class=\"wp-block-heading has-text-align-center\">Editorial<\/h1>\n\n\n\n<p>On parle des \u00ab\u00a0valeurs europ\u00e9ennes\u00a0\u00bb, et la protection des animaux en fait partie. Mais malgr\u00e9 quelques efforts et pr\u00e9tentions, les r\u00e9alit\u00e9s du complexe <em>s\u00e9lection-\u00e9levage-transport-abattage<\/em> demeurent rudes. <\/p>\n\n\n\n<p>L&rsquo;objectif \u00e9thique est simple : combattre TOUTE souffrance et cr\u00e9er les conditions du bonheur. Un d\u00e9veloppement soci\u00e9tal qui s&rsquo;appuie sur l&rsquo;exploitation et la souffrance des plus faibles n&rsquo;est ni durable ni souhaitable. Reconna\u00eetre ce que sont la souffrance et les besoins des autres, y compris des animaux, est une question d&rsquo;honn\u00eatet\u00e9 et de comp\u00e9tence scientifiques. Mensonges et obscurantisme ne peuvent pas construire un monde meilleur.<\/p>\n\n\n\n<p>Mon blog traite de questions d&rsquo;actualit\u00e9 qui sont habituellement abord\u00e9es de mani\u00e8re cloisonn\u00e9e entre bien-\u00eatre animal, environnement, \u00e9conomie et \u00e9thique. Le d\u00e9cloisonnement progresse, mais reste \u00e0 la peine. J&rsquo;ai rassembl\u00e9 des analyses, r\u00e9flexions, commentaires, publications, que j\u2019ai r\u00e9dig\u00e9s au fil des confrontations.<\/p>\n\n\n\n<p>L\u2019\u00e9thique envers les animaux d\u2019\u00e9levage doit sortir du domaine de la philosophie (qui a fait sa part du travail) et de la sociologie. Elle doit s\u2019approprier la zootechnie et doit l\u2019investir. Elle doit inclure l\u2019environnement, qui est notre maison commune du vivant et de la sensibilit\u00e9. Elle doit affronter l\u2019\u00e9conomie avec sa part de bienfaits, ses d\u00e9g\u00e2ts, ses injustices et ses absurdit\u00e9s, ainsi que les questions de sant\u00e9. Par d\u00e9finition, personne n\u2019est dispens\u00e9 d\u2019\u00e9thique, m\u00eame pas un pr\u00e9fet ou un ministre.<\/p>\n\n\n\n<p>Il y a besoin d\u2019une relation sinc\u00e8re avec la v\u00e9rit\u00e9. Savoir de quoi on parle. Questionner et \u00e9couter. Veiller aux cons\u00e9quences des mots. D\u00e9tecter les id\u00e9ologies et les discours format\u00e9s et manipulatoires (de quel c\u00f4t\u00e9 qu\u2019ils soient). Distinguer la bonne foi de la mauvaise. Rep\u00e9rer les \u00ab\u00a0marchands de doute\u00a0\u00bb qui font avancer les fili\u00e8res animales \u00e0 la mani\u00e8re des industries du tabac, du p\u00e9trole et des pesticides.<\/p>\n","protected":false},"excerpt":{"rendered":"<p>Editorial On parle des \u00ab\u00a0valeurs europ\u00e9ennes\u00a0\u00bb, et la protection des animaux en fait partie. Mais malgr\u00e9 quelques efforts et pr\u00e9tentions, les r\u00e9alit\u00e9s du complexe s\u00e9lection-\u00e9levage-transport-abattage demeurent rudes. L&rsquo;objectif \u00e9thique est simple : combattre TOUTE souffrance et cr\u00e9er les conditions du bonheur. Un d\u00e9veloppement soci\u00e9tal qui s&rsquo;appuie sur l&rsquo;exploitation et la souffrance des plus faibles n&rsquo;est ni durable ni souhaitable. Reconna\u00eetre ce que sont la souffrance et les besoins des autres, y compris des animaux, est une question d&rsquo;honn\u00eatet\u00e9 et de&#8230;<\/p>\n<p class=\"read-more\"><a class=\"btn btn-default\" href=\"https:\/\/elevage-ethique.fr\/fr\/\">Lire la suite<span class=\"screen-reader-text\"> Lire la suite<\/span><\/a><\/p>\n","protected":false},"author":2,"featured_media":0,"parent":0,"menu_order":0,"comment_status":"closed","ping_status":"closed","template":"","meta":{"_fr_post_content":"<!-- wp:media-text {\"mediaId\":293,\"mediaLink\":\"https:\/\/elevage-ethique.fr\/photo-anne-800\/\",\"mediaType\":\"image\",\"mediaWidth\":20} -->\n<div class=\"wp-block-media-text is-stacked-on-mobile\" style=\"grid-template-columns:20% auto\"><figure class=\"wp-block-media-text__media\"><img src=\"https:\/\/elevage-ethique.fr\/wp-content\/uploads\/2023\/11\/photo-Anne-800.jpg\" alt=\"\" class=\"wp-image-293 size-full\"\/><\/figure><div class=\"wp-block-media-text__content\"><!-- wp:list -->\n<ul class=\"wp-block-list\"><!-- wp:list-item -->\n<li><em>25 ans de plaidoyer pour les animaux d\u2019\u00e9levage<\/em><\/li>\n<!-- \/wp:list-item -->\n\n<!-- wp:list-item -->\n<li><em>25 ans dans la confrontation entre bien-\u00eatre des animaux, environnement et \u00e9conomie<\/em><\/li>\n<!-- \/wp:list-item -->\n\n<!-- wp:list-item -->\n<li><em>45 ans d\u2019engagement associatif avec Alsace Nature, puis France Nature Environnement et le Bureau Europ\u00e9en de l\u2019Environnement<\/em>, <em>ainsi que l'exp\u00e9rience enrichissante du Collectif Plein Air<\/em><\/li>\n<!-- \/wp:list-item --><\/ul>\n<!-- \/wp:list -->\n\n<!-- wp:paragraph -->\n<p><strong>NOUVEAU : <a href=\"https:\/\/elevage-ethique.fr\/wp-content\/uploads\/2026\/01\/AVonesch_Etude-sur-les-veaux-laitiers_2025.pdf\" data-type=\"attachment\" data-id=\"664\">Etude sur les veaux laitiers<\/a><\/strong><\/p>\n<!-- \/wp:paragraph --><\/div><\/div>\n<!-- \/wp:media-text -->\n\n<!-- wp:heading {\"textAlign\":\"center\",\"level\":1} -->\n<h1 class=\"wp-block-heading has-text-align-center\">Editorial<\/h1>\n<!-- \/wp:heading -->\n\n<!-- wp:paragraph -->\n<p>On parle des \"valeurs europ\u00e9ennes\", et la protection des animaux en fait partie. Mais malgr\u00e9 quelques efforts et pr\u00e9tentions, les r\u00e9alit\u00e9s du complexe <em>s\u00e9lection-\u00e9levage-transport-abattage<\/em> demeurent rudes. <\/p>\n<!-- \/wp:paragraph -->\n\n<!-- wp:paragraph -->\n<p>L'objectif \u00e9thique est simple : combattre TOUTE souffrance et cr\u00e9er les conditions du bonheur. Un d\u00e9veloppement soci\u00e9tal qui s'appuie sur l'exploitation et la souffrance des plus faibles n'est ni durable ni souhaitable. Reconna\u00eetre ce que sont la souffrance et les besoins des autres, y compris des animaux, est une question d'honn\u00eatet\u00e9 et de comp\u00e9tence scientifiques. Mensonges et obscurantisme ne peuvent pas construire un monde meilleur.<\/p>\n<!-- \/wp:paragraph -->\n\n<!-- wp:paragraph -->\n<p>Mon blog traite de questions d'actualit\u00e9 qui sont habituellement abord\u00e9es de mani\u00e8re cloisonn\u00e9e entre bien-\u00eatre animal, environnement, \u00e9conomie et \u00e9thique. Le d\u00e9cloisonnement progresse, mais reste \u00e0 la peine. J'ai rassembl\u00e9 des analyses, r\u00e9flexions, commentaires, publications, que j\u2019ai r\u00e9dig\u00e9s au fil des confrontations.<\/p>\n<!-- \/wp:paragraph -->\n\n<!-- wp:paragraph -->\n<p>L\u2019\u00e9thique envers les animaux d\u2019\u00e9levage doit sortir du domaine de la philosophie (qui a fait sa part du travail) et de la sociologie. Elle doit s\u2019approprier la zootechnie et doit l\u2019investir. Elle doit inclure l\u2019environnement, qui est notre maison commune du vivant et de la sensibilit\u00e9. Elle doit affronter l\u2019\u00e9conomie avec sa part de bienfaits, ses d\u00e9g\u00e2ts, ses injustices et ses absurdit\u00e9s, ainsi que les questions de sant\u00e9. Par d\u00e9finition, personne n\u2019est dispens\u00e9 d\u2019\u00e9thique, m\u00eame pas un pr\u00e9fet ou un ministre.<\/p>\n<!-- \/wp:paragraph -->\n\n<!-- wp:paragraph -->\n<p>Il y a besoin d\u2019une relation sinc\u00e8re avec la v\u00e9rit\u00e9. Savoir de quoi on parle. Questionner et \u00e9couter. Veiller aux cons\u00e9quences des mots. D\u00e9tecter les id\u00e9ologies et les discours format\u00e9s et manipulatoires (de quel c\u00f4t\u00e9 qu\u2019ils soient). Distinguer la bonne foi de la mauvaise. Rep\u00e9rer les \"marchands de doute\" qui font avancer les fili\u00e8res animales \u00e0 la mani\u00e8re des industries du tabac, du p\u00e9trole et des pesticides.<\/p>\n<!-- \/wp:paragraph -->","_fr_post_name":"elevage-et-ethique-le-blog-de-anne-vonesch","_fr_post_excerpt":"","_fr_post_title":"\u00c9levage & \u00c9thique: le blog de Anne Vonesch","_en_post_content":"<!-- wp:media-text {\"mediaId\":293,\"mediaLink\":\"https:\/\/elevage-ethique.fr\/en\/photo-anne-800\/\",\"mediaType\":\"image\",\"mediaWidth\":24} -->\n<div class=\"wp-block-media-text is-stacked-on-mobile\" style=\"grid-template-columns:24% auto\"><figure class=\"wp-block-media-text__media\"><img src=\"https:\/\/elevage-ethique.fr\/wp-content\/uploads\/2023\/11\/photo-Anne-800.jpg\" alt=\"\" class=\"wp-image-293 size-full\"\/><\/figure><div class=\"wp-block-media-text__content\"><!-- wp:paragraph {\"placeholder\":\"Contenu\u2026\"} -->\n<p>NEW: <strong><a href=\"https:\/\/elevage-ethique.fr\/wp-content\/uploads\/2026\/01\/AVonesch_Study-on-dairy-calves_2025_EN.pdf\">Study on dairy calves<\/a><\/strong><\/p>\n<!-- \/wp:paragraph -->\n\n<!-- wp:list -->\n<ul class=\"wp-block-list\"><!-- wp:list-item -->\n<li>25 years of advocacy for farm animals<\/li>\n<!-- \/wp:list-item -->\n\n<!-- wp:list-item -->\n<li>25 years of confronting animal welfare, the environment and the economy<\/li>\n<!-- \/wp:list-item -->\n\n<!-- wp:list-item -->\n<li>45 years of associative involvement with Alsace Nature, then France Nature Environnement and the European Environmental Bureau, as well as the enriching experience of the Collectif Plein Air<\/li>\n<!-- \/wp:list-item --><\/ul>\n<!-- \/wp:list --><\/div><\/div>\n<!-- \/wp:media-text -->\n\n<!-- wp:heading {\"textAlign\":\"center\"} -->\n<h2 class=\"wp-block-heading has-text-align-center\">Editorial<\/h2>\n<!-- \/wp:heading -->\n\n<!-- wp:paragraph -->\n<p>We talk about \"European values\", and animal protection is one of them. But despite some efforts and pretensions, the realities of the <em>selection-breeding-transport-slaughter<\/em> complex remain harsh.<\/p>\n<!-- \/wp:paragraph -->\n\n<!-- wp:paragraph -->\n<p>The ethical objective is simple: to combat ALL suffering and create the conditions for happiness. Societal development based on the exploitation and suffering of the weakest is neither sustainable nor desirable. Acknowledging the suffering and the needs of others, including animals, is a matter of honesty and scientific competence. Lies and obscurantism cannot create a better world.<\/p>\n<!-- \/wp:paragraph -->\n\n<!-- wp:paragraph -->\n<p>My blog deals with topical issues that are usually dealt with in a compartmentalised way between animal welfare, the environment, economics and ethics. Decompartmentalisation is making progress, but it's still a struggle. I've put together a collection of analyses, reflections, comments and publications that I've written as I've come across them.<\/p>\n<!-- \/wp:paragraph -->\n\n<!-- wp:paragraph -->\n<p>Farm animal ethics needs to move beyond the realms of philosophy (which has done its fair share of work) and sociology. It must take over zootechnics and invest in it. It must include the environment, which is our common home for living beings and sensibility. It must confront the economy, with its share of benefits, damage, injustices and absurdities, as well as health issues. By definition, no one is exempt from ethics, not even a prefect or a minister.<\/p>\n<!-- \/wp:paragraph -->\n\n<!-- wp:paragraph -->\n<p>What is needed is a sincere relationship with the truth. Know what you're talking about. Question and listen. Pay attention to the consequences of words. Detect ideologies and formatted, manipulative discourse (from whichever side). Distinguish between good faith and bad faith. Spot the \"merchants of doubt\" who are driving the animal industry forward in the same way as the tobacco, oil and pesticide industries.<\/p>\n<!-- \/wp:paragraph -->\n\n<!-- wp:paragraph -->\n<p><\/p>\n<!-- \/wp:paragraph -->","_en_post_name":"","_en_post_excerpt":"","_en_post_title":"Livestock and ethics : Anne Vonesch's blog","edit_language":"fr","footnotes":""},"class_list":["post-221","page","type-page","status-publish","hentry"],"_links":{"self":[{"href":"https:\/\/elevage-ethique.fr\/fr\/wp-json\/wp\/v2\/pages\/221","targetHints":{"allow":["GET"]}}],"collection":[{"href":"https:\/\/elevage-ethique.fr\/fr\/wp-json\/wp\/v2\/pages"}],"about":[{"href":"https:\/\/elevage-ethique.fr\/fr\/wp-json\/wp\/v2\/types\/page"}],"author":[{"embeddable":true,"href":"https:\/\/elevage-ethique.fr\/fr\/wp-json\/wp\/v2\/users\/2"}],"replies":[{"embeddable":true,"href":"https:\/\/elevage-ethique.fr\/fr\/wp-json\/wp\/v2\/comments?post=221"}],"version-history":[{"count":27,"href":"https:\/\/elevage-ethique.fr\/fr\/wp-json\/wp\/v2\/pages\/221\/revisions"}],"predecessor-version":[{"id":666,"href":"https:\/\/elevage-ethique.fr\/fr\/wp-json\/wp\/v2\/pages\/221\/revisions\/666"}],"wp:attachment":[{"href":"https:\/\/elevage-ethique.fr\/fr\/wp-json\/wp\/v2\/media?parent=221"}],"curies":[{"name":"wp","href":"https:\/\/api.w.org\/{rel}","templated":true}]}}