{"id":144,"date":"2023-11-02T14:24:24","date_gmt":"2023-11-02T13:24:24","guid":{"rendered":"https:\/\/elevage-ethique.fr\/?page_id=144"},"modified":"2023-11-02T14:24:24","modified_gmt":"2023-11-02T13:24:24","slug":"publications","status":"publish","type":"page","link":"https:\/\/elevage-ethique.fr\/fr\/publications\/","title":{"rendered":"Publications"},"content":{"rendered":"\n<p>Une liste de documents \u00e0 t\u00e9l\u00e9charger.<\/p>\n","protected":false},"excerpt":{"rendered":"<p>Une liste de documents \u00e0 t\u00e9l\u00e9charger.<\/p>\n","protected":false},"author":2,"featured_media":0,"parent":0,"menu_order":3,"comment_status":"closed","ping_status":"closed","template":"","meta":{"_fr_post_content":"<!-- wp:paragraph -->\n<p>Une liste de documents \u00e0 t\u00e9l\u00e9charger.<\/p>\n<!-- \/wp:paragraph -->","_fr_post_name":"publications","_fr_post_excerpt":"","_fr_post_title":"Publications","_en_post_content":"","_en_post_name":"","_en_post_excerpt":"","_en_post_title":"","edit_language":"fr","footnotes":""},"class_list":["post-144","page","type-page","status-publish","hentry"],"_links":{"self":[{"href":"https:\/\/elevage-ethique.fr\/fr\/wp-json\/wp\/v2\/pages\/144","targetHints":{"allow":["GET"]}}],"collection":[{"href":"https:\/\/elevage-ethique.fr\/fr\/wp-json\/wp\/v2\/pages"}],"about":[{"href":"https:\/\/elevage-ethique.fr\/fr\/wp-json\/wp\/v2\/types\/page"}],"author":[{"embeddable":true,"href":"https:\/\/elevage-ethique.fr\/fr\/wp-json\/wp\/v2\/users\/2"}],"replies":[{"embeddable":true,"href":"https:\/\/elevage-ethique.fr\/fr\/wp-json\/wp\/v2\/comments?post=144"}],"version-history":[{"count":1,"href":"https:\/\/elevage-ethique.fr\/fr\/wp-json\/wp\/v2\/pages\/144\/revisions"}],"predecessor-version":[{"id":145,"href":"https:\/\/elevage-ethique.fr\/fr\/wp-json\/wp\/v2\/pages\/144\/revisions\/145"}],"wp:attachment":[{"href":"https:\/\/elevage-ethique.fr\/fr\/wp-json\/wp\/v2\/media?parent=144"}],"curies":[{"name":"wp","href":"https:\/\/api.w.org\/{rel}","templated":true}]}}