{"id":140,"date":"2023-11-02T14:21:27","date_gmt":"2023-11-02T13:21:27","guid":{"rendered":"https:\/\/elevage-ethique.fr\/?page_id=140"},"modified":"2024-01-30T19:29:12","modified_gmt":"2024-01-30T18:29:12","slug":"zones-herbeuses","status":"publish","type":"page","link":"https:\/\/elevage-ethique.fr\/fr\/publications\/zones-herbeuses\/","title":{"rendered":"Herbes folles et petites b\u00eates"},"content":{"rendered":"\n<h2 class=\"wp-block-heading has-text-align-center\"><strong>10 principes de gestion pour \u00e9pargner la faune et la flore<\/strong><\/h2>\n\n\n\n<p class=\"has-text-align-center\"><strong><a href=\"https:\/\/elevage-ethique.fr\/wp-content\/uploads\/2024\/01\/10Principes-gestion-zones-herbeuses-WEB-oct2023.pdf\" target=\"_blank\" rel=\"noreferrer noopener\">T\u00e9l\u00e9chargez la plaquette ici<\/a><\/strong><a href=\"https:\/\/ftp.alsacenature.org\/COM\/RESEAUX-THEMA\/agri\/10Principes-gestion-herbe-WEB.pdf\"><strong>.<\/strong><\/a> Dans la deuxi\u00e8me \u00e9dition ont \u00e9t\u00e9 rajout\u00e9s quelques points de vigilance et des pistes d&rsquo;approfondissement scientifique.<\/p>\n\n\n\n<p><strong>A l\u2019origine de cette brochure est la conviction que le respect de la vie est certes d\u00fb aux grands animaux, mais aussi aux tout-petits<\/strong>&nbsp;: insectes, araign\u00e9es, escargots, minuscules ouvriers de la terre\u2026 D\u2019une part, ils sont la base de la cha\u00eene alimentaire, de la fertilit\u00e9 des plantes et des sols et m\u00eame du cycle de l&rsquo;eau, dans la grande interd\u00e9pendance du vivant. Les oiseaux qui en d\u00e9pendent sont des t\u00e9moins bien visibles. D\u2019autre part, des indices forts font penser que m\u00eame les petits peuvent ressentir des \u00e9motions et des douleurs. Dans certaines situations ils sont capables d&rsquo;apprendre. Bref&nbsp;: il n\u2019y a pas que l\u2019esp\u00e8ce \u00e0 prendre en consid\u00e9ration, mais aussi l\u2019individu \u2013 qui pourtant &lsquo;sert&rsquo; \u00e0 \u00eatre mang\u00e9.<\/p>\n\n\n\n<p><strong>En effet ce monde des petits est un monde o\u00f9 on se pi\u00e8ge, se chasse, se parasite<\/strong>, on s\u2019abuse et s\u2019escroque, par des camouflages de couleurs et d\u2019odeurs, on s\u2019entre-d\u00e9vore \u00e0 vif, on entretient du petit b\u00e9tail, on exploite des esclaves et on se bat pour un territoire ou un tr\u00f4ne. Des curiosit\u00e9s qui sont en m\u00eame temps des illustrations effrayantes de ce que l\u2019\u00e9volution a pu faire avec l\u2019esp\u00e8ce humaine.<\/p>\n\n\n\n<p><strong>La petite faune des zones herbeuses est d\u00e9vast\u00e9e par les tontes et broyages <\/strong>que pratiquent les collectivit\u00e9s, particuliers et entreprises. En plus des pesticides, de la pollution lumineuse et de la destruction physique des milieux, la gestion au \u2018propre\u2019 avec des machines toujours plus performantes, a certainement une part de responsabilit\u00e9 consid\u00e9rable dans l\u2019effondrement des populations d\u2019insectes. Il faut passer \u00e0 une gestion radicalement diff\u00e9renci\u00e9e, avec en particulier beaucoup de zones de refuges hivernaux. D\u2019o\u00f9 les <strong>10 principes de gestion pour \u00e9pargner la faune et la flore<\/strong>.<\/p>\n\n\n\n<p><strong>La m\u00eame chose est vraie pour les prairies agricoles<\/strong>. Chaque op\u00e9ration de fauche et r\u00e9colte de foin entra\u00eene une h\u00e9catombe parmi la petite faune. L\u2019intensification de la gestion des prairies est catastrophique pour la biodiversit\u00e9.&nbsp; Il faut revoir \u00e0 la fois la fr\u00e9quence des fauches, le machinisme (pour le rendre moins mortif\u00e8re), et la diversification en termes de dates de fauche et de zones refuges &#8211; refuges non fauch\u00e9s aussi durant l&rsquo;hiver -, du moins sur une partie significative des surfaces.<\/p>\n","protected":false},"excerpt":{"rendered":"<p>10 principes de gestion pour \u00e9pargner la faune et la flore T\u00e9l\u00e9chargez la plaquette ici. Dans la deuxi\u00e8me \u00e9dition ont \u00e9t\u00e9 rajout\u00e9s quelques points de vigilance et des pistes d&rsquo;approfondissement scientifique. A l\u2019origine de cette brochure est la conviction que le respect de la vie est certes d\u00fb aux grands animaux, mais aussi aux tout-petits&nbsp;: insectes, araign\u00e9es, escargots, minuscules ouvriers de la terre\u2026 D\u2019une part, ils sont la base de la cha\u00eene alimentaire, de la fertilit\u00e9 des plantes et des&#8230;<\/p>\n<p class=\"read-more\"><a class=\"btn btn-default\" href=\"https:\/\/elevage-ethique.fr\/fr\/publications\/zones-herbeuses\/\">Lire la suite<span class=\"screen-reader-text\"> Lire la suite<\/span><\/a><\/p>\n","protected":false},"author":2,"featured_media":0,"parent":144,"menu_order":0,"comment_status":"closed","ping_status":"closed","template":"","meta":{"_fr_post_content":"<!-- wp:heading {\"textAlign\":\"center\"} -->\n<h2 class=\"wp-block-heading has-text-align-center\"><strong>10 principes de gestion pour \u00e9pargner la faune et la flore<\/strong><\/h2>\n<!-- \/wp:heading -->\n\n<!-- wp:paragraph {\"align\":\"center\"} -->\n<p class=\"has-text-align-center\"><strong><a href=\"https:\/\/elevage-ethique.fr\/wp-content\/uploads\/2024\/01\/10Principes-gestion-zones-herbeuses-WEB-oct2023.pdf\" target=\"_blank\" rel=\"noreferrer noopener\">T\u00e9l\u00e9chargez la plaquette ici<\/a><\/strong><a href=\"https:\/\/ftp.alsacenature.org\/COM\/RESEAUX-THEMA\/agri\/10Principes-gestion-herbe-WEB.pdf\"><strong>.<\/strong><\/a> Dans la deuxi\u00e8me \u00e9dition ont \u00e9t\u00e9 rajout\u00e9s quelques points de vigilance et des pistes d'approfondissement scientifique.<\/p>\n<!-- \/wp:paragraph -->\n\n<!-- wp:paragraph -->\n<p><strong>A l\u2019origine de cette brochure est la conviction que le respect de la vie est certes d\u00fb aux grands animaux, mais aussi aux tout-petits<\/strong>&nbsp;: insectes, araign\u00e9es, escargots, minuscules ouvriers de la terre\u2026 D\u2019une part, ils sont la base de la cha\u00eene alimentaire, de la fertilit\u00e9 des plantes et des sols et m\u00eame du cycle de l'eau, dans la grande interd\u00e9pendance du vivant. Les oiseaux qui en d\u00e9pendent sont des t\u00e9moins bien visibles. D\u2019autre part, des indices forts font penser que m\u00eame les petits peuvent ressentir des \u00e9motions et des douleurs. Dans certaines situations ils sont capables d'apprendre. Bref&nbsp;: il n\u2019y a pas que l\u2019esp\u00e8ce \u00e0 prendre en consid\u00e9ration, mais aussi l\u2019individu \u2013 qui pourtant 'sert' \u00e0 \u00eatre mang\u00e9.<\/p>\n<!-- \/wp:paragraph -->\n\n<!-- wp:paragraph -->\n<p><strong>En effet ce monde des petits est un monde o\u00f9 on se pi\u00e8ge, se chasse, se parasite<\/strong>, on s\u2019abuse et s\u2019escroque, par des camouflages de couleurs et d\u2019odeurs, on s\u2019entre-d\u00e9vore \u00e0 vif, on entretient du petit b\u00e9tail, on exploite des esclaves et on se bat pour un territoire ou un tr\u00f4ne. Des curiosit\u00e9s qui sont en m\u00eame temps des illustrations effrayantes de ce que l\u2019\u00e9volution a pu faire avec l\u2019esp\u00e8ce humaine.<\/p>\n<!-- \/wp:paragraph -->\n\n<!-- wp:paragraph -->\n<p><strong>La petite faune des zones herbeuses est d\u00e9vast\u00e9e par les tontes et broyages <\/strong>que pratiquent les collectivit\u00e9s, particuliers et entreprises. En plus des pesticides, de la pollution lumineuse et de la destruction physique des milieux, la gestion au \u2018propre\u2019 avec des machines toujours plus performantes, a certainement une part de responsabilit\u00e9 consid\u00e9rable dans l\u2019effondrement des populations d\u2019insectes. Il faut passer \u00e0 une gestion radicalement diff\u00e9renci\u00e9e, avec en particulier beaucoup de zones de refuges hivernaux. D\u2019o\u00f9 les <strong>10 principes de gestion pour \u00e9pargner la faune et la flore<\/strong>.<\/p>\n<!-- \/wp:paragraph -->\n\n<!-- wp:paragraph -->\n<p><strong>La m\u00eame chose est vraie pour les prairies agricoles<\/strong>. Chaque op\u00e9ration de fauche et r\u00e9colte de foin entra\u00eene une h\u00e9catombe parmi la petite faune. L\u2019intensification de la gestion des prairies est catastrophique pour la biodiversit\u00e9.&nbsp; Il faut revoir \u00e0 la fois la fr\u00e9quence des fauches, le machinisme (pour le rendre moins mortif\u00e8re), et la diversification en termes de dates de fauche et de zones refuges - refuges non fauch\u00e9s aussi durant l'hiver -, du moins sur une partie significative des surfaces.<\/p>\n<!-- \/wp:paragraph -->","_fr_post_name":"zones-herbeuses","_fr_post_excerpt":"","_fr_post_title":"Herbes folles et petites b\u00eates","_en_post_content":"<!-- wp:paragraph {\"align\":\"center\",\"fontSize\":\"large\"} -->\n<p class=\"has-text-align-center has-large-font-size\">10 management principles for grassy areas to protect flora and fauna<\/p>\n<!-- \/wp:paragraph -->\n\n<!-- wp:paragraph {\"align\":\"center\"} -->\n<p class=\"has-text-align-center\"><strong><a href=\"https:\/\/elevage-ethique.fr\/wp-content\/uploads\/2024\/01\/10Principes-gestion-zones-herbeuses-WEB-oct2023.pdf\" target=\"_blank\" rel=\"noreferrer noopener\">Download the brochure here (French only)<\/a><\/strong>  For the second edition a few points of caution have been added, and some further scientific exploration.<\/p>\n<!-- \/wp:paragraph -->\n\n<!-- wp:paragraph -->\n<p><strong>This brochure is based on the conviction that respect for life is due not only to the big animals, but also to the little ones<\/strong>: insects, spiders, snails, the tiny workers of the earth\u2026 On the one hand, they are the basis of the food chain, the fertility of plants and soils and even the water cycle, in the great interdependence of all living things. The birds that depend on them are clearly visible evidence of this. There is also more and more evidence that even these tiny creatures can feel emotions and pain. In certain situations they are capable of learning. In short, it's not just the species that needs to be taken into account, but also the individual - which is 'used' to be eaten.<\/p>\n<!-- \/wp:paragraph -->\n\n<!-- wp:paragraph -->\n<p>In fact, <strong>this world of the small<\/strong> is a world where people trap, hunt and parasitise each other, deceive and swindle each other through camouflage of colours and smells, eat each other alive, keep small livestock, exploit slaves and fight for territory or a throne. Curiosities that are at the same time frightening illustrations of what evolution has been able to do with the human species.<\/p>\n<!-- \/wp:paragraph -->\n\n<!-- wp:paragraph -->\n<p><strong>The small fauna of grassy areas is devastated by the mowing and shredding<\/strong> carried out by local authorities, private individuals and businesses. In addition to pesticides, light pollution and the physical destruction of environments, 'clean' management using ever more powerful machines is certainly partly responsible for the collapse of insect populations. We need to move towards radically differentiated management, with in particular a lot of winter refuge areas. <strong>Hence the 10 management principles to protect flora and fauna.<\/strong><\/p>\n<!-- \/wp:paragraph -->\n\n<!-- wp:paragraph -->\n<p><strong>The same applies to agricultural meadows.<\/strong> Each mowing and haying operation results in a massacre of small fauna. Intensifying grassland management is catastrophic for biodiversity. We need to review the frequency of mowing, the machinery used (to make it less deadly), and diversification in terms of mowing dates and refuge areas - including refuges that are not mown during the winter - at least on a significant proportion of the land.<\/p>\n<!-- \/wp:paragraph -->\n\n<!-- wp:paragraph -->\n<p><\/p>\n<!-- \/wp:paragraph -->","_en_post_name":"","_en_post_excerpt":"","_en_post_title":"Wild grass and little creatures","edit_language":"fr","footnotes":""},"class_list":["post-140","page","type-page","status-publish","hentry"],"_links":{"self":[{"href":"https:\/\/elevage-ethique.fr\/fr\/wp-json\/wp\/v2\/pages\/140","targetHints":{"allow":["GET"]}}],"collection":[{"href":"https:\/\/elevage-ethique.fr\/fr\/wp-json\/wp\/v2\/pages"}],"about":[{"href":"https:\/\/elevage-ethique.fr\/fr\/wp-json\/wp\/v2\/types\/page"}],"author":[{"embeddable":true,"href":"https:\/\/elevage-ethique.fr\/fr\/wp-json\/wp\/v2\/users\/2"}],"replies":[{"embeddable":true,"href":"https:\/\/elevage-ethique.fr\/fr\/wp-json\/wp\/v2\/comments?post=140"}],"version-history":[{"count":10,"href":"https:\/\/elevage-ethique.fr\/fr\/wp-json\/wp\/v2\/pages\/140\/revisions"}],"predecessor-version":[{"id":535,"href":"https:\/\/elevage-ethique.fr\/fr\/wp-json\/wp\/v2\/pages\/140\/revisions\/535"}],"up":[{"embeddable":true,"href":"https:\/\/elevage-ethique.fr\/fr\/wp-json\/wp\/v2\/pages\/144"}],"wp:attachment":[{"href":"https:\/\/elevage-ethique.fr\/fr\/wp-json\/wp\/v2\/media?parent=140"}],"curies":[{"name":"wp","href":"https:\/\/api.w.org\/{rel}","templated":true}]}}