{"id":146,"date":"2023-11-02T14:26:05","date_gmt":"2023-11-02T13:26:05","guid":{"rendered":"https:\/\/elevage-ethique.fr\/?page_id=146"},"modified":"2024-02-01T21:33:20","modified_gmt":"2024-02-01T20:33:20","slug":"","status":"publish","type":"page","link":"https:\/\/elevage-ethique.fr\/en\/publications\/pac-et-bien-etre-animal\/","title":{"rendered":"CAP and animal welfare","raw":"CAP and animal welfare"},"content":{"rendered":"\n<p class=\"has-text-align-center has-large-font-size\">Why and how can farm animal welfare be improved under the new CAP?<\/p>\n\n\n\n<p class=\"has-text-align-center\"><strong><a href=\"https:\/\/elevage-ethique.fr\/wp-content\/uploads\/2024\/01\/CAP-and-animal-welfare_FranceNatureEnvironnementGrandEst_sept2020.pdf\" target=\"_blank\" rel=\"noreferrer noopener\">Download the document<\/a><\/strong><\/p>\n\n\n\n<p><strong>Fewer animals and better welfare\u2026<\/strong> that&#8217;s the challenge for the New Green Deal and for the CAP.<\/p>\n\n\n\n<p>The brochure addresses the issue of <strong>economic viability, a question of policy coherence<\/strong>.<\/p>\n\n\n\n<p>Since the publication of our document, the new CAP 2023-2027 has been validated. But everything that is written remains relevant and adaptable to the new cross-compliance, ecoscheme, 2nd pillar and common market organisation (CMO) scheme.<\/p>\n\n\n\n<p>The European Commission has opened up <strong>numerous possibilities<\/strong> for support to improve animal welfare, but without any obligation. The Member States, or the Regions, make use of them or not. Our text sets out the <strong>key issues<\/strong> and the criteria that would be relevant. It criticises the <strong>indicators<\/strong> currently in use, and proposes solid indicators. But competition for CAP funding is fierce, and animal welfare is losing out.<\/p>\n\n\n\n<p>Sustainability and animal welfare objectives will therefore have to be integrated into <strong>trade policies<\/strong> &#8211; in other words, LESS and BETTER. Animals are sentient beings, not merchandise.<\/p>\n","protected":false,"raw":"<!-- wp:paragraph {\"align\":\"center\",\"fontSize\":\"large\"} -->\n<p class=\"has-text-align-center has-large-font-size\">Why and how can farm animal welfare be improved under the new CAP?<\/p>\n<!-- \/wp:paragraph -->\n\n<!-- wp:paragraph {\"align\":\"center\"} -->\n<p class=\"has-text-align-center\"><strong><a href=\"https:\/\/elevage-ethique.fr\/wp-content\/uploads\/2024\/01\/CAP-and-animal-welfare_FranceNatureEnvironnementGrandEst_sept2020.pdf\" target=\"_blank\" rel=\"noreferrer noopener\">Download the document<\/a><\/strong><\/p>\n<!-- \/wp:paragraph -->\n\n<!-- wp:paragraph -->\n<p><strong>Fewer animals and better welfare\u2026<\/strong> that's the challenge for the New Green Deal and for the CAP.<\/p>\n<!-- \/wp:paragraph -->\n\n<!-- wp:paragraph -->\n<p>The brochure addresses the issue of <strong>economic viability, a question of policy coherence<\/strong>.<\/p>\n<!-- \/wp:paragraph -->\n\n<!-- wp:paragraph -->\n<p>Since the publication of our document, the new CAP 2023-2027 has been validated. But everything that is written remains relevant and adaptable to the new cross-compliance, ecoscheme, 2nd pillar and common market organisation (CMO) scheme.<\/p>\n<!-- \/wp:paragraph -->\n\n<!-- wp:paragraph -->\n<p>The European Commission has opened up <strong>numerous possibilities<\/strong> for support to improve animal welfare, but without any obligation. The Member States, or the Regions, make use of them or not. Our text sets out the <strong>key issues<\/strong> and the criteria that would be relevant. It criticises the <strong>indicators<\/strong> currently in use, and proposes solid indicators. But competition for CAP funding is fierce, and animal welfare is losing out.<\/p>\n<!-- \/wp:paragraph -->\n\n<!-- wp:paragraph -->\n<p>Sustainability and animal welfare objectives will therefore have to be integrated into <strong>trade policies<\/strong> - in other words, LESS and BETTER. Animals are sentient beings, not merchandise.<\/p>\n<!-- \/wp:paragraph -->"},"excerpt":{"rendered":"","protected":false,"raw":""},"author":2,"featured_media":0,"parent":144,"menu_order":2,"comment_status":"closed","ping_status":"closed","template":"","meta":{"_fr_post_content":"<!-- wp:heading {\"textAlign\":\"center\"} -->\n<h2 class=\"wp-block-heading has-text-align-center\">Pourquoi et comment am\u00e9liorer le bien-\u00eatre des animaux d'\u00e9levage avec la nouvelle PAC ?<\/h2>\n<!-- \/wp:heading -->\n\n<!-- wp:paragraph {\"align\":\"center\"} -->\n<p class=\"has-text-align-center\"><a href=\"https:\/\/elevage-ethique.fr\/wp-content\/uploads\/2023\/11\/Bien-etre-animal-dans-la-PAC-version-imprimee.pdf\"><strong>T\u00e9l\u00e9charger le document<\/strong><\/a><\/p>\n<!-- \/wp:paragraph -->\n\n<!-- wp:paragraph -->\n<p><strong>Moins d'animaux et un meilleur bien-\u00eatre<\/strong>... c'est le d\u00e9fi pour le Pacte Vert et pour la PAC. <\/p>\n<!-- \/wp:paragraph -->\n\n<!-- wp:paragraph -->\n<p>La brochure entre dans le sujet par la question de <strong>la viabilit\u00e9 \u00e9conomique, une question de coh\u00e9rence<\/strong> des politiques.<\/p>\n<!-- \/wp:paragraph -->\n\n<!-- wp:paragraph -->\n<p>Depuis la publication de notre document, la nouvelle PAC 2023-2027 a \u00e9t\u00e9 valid\u00e9e. Mais tout ce qui est \u00e9crit reste pertinent et adaptable au nouveau sch\u00e9ma de conditionnalit\u00e9, \u00e9cor\u00e9gime, 2\u00e8me pilier et organisation commune des march\u00e9s (OCM). <\/p>\n<!-- \/wp:paragraph -->\n\n<!-- wp:paragraph -->\n<p>La Commission europ\u00e9enne a ouvert de nombreuses possibilit\u00e9s de soutiens \u00e0 l'am\u00e9lioration du bien-\u00eatre animal, mais sans aucune obligation.  Les Etats membres, respectivement les R\u00e9gions, en font usage ou non. Notre texte pr\u00e9sente les grands enjeux et les crit\u00e8res qui seraient pertinents. Il <strong>critique les indicateurs \u00e0 l\u2019\u0153uvre,<\/strong> et propose des indicateurs solides. Mais la concurrence pour happer les enveloppes budg\u00e9taires de la PAC est f\u00e9roce, et le bien-\u00eatre animal en sort perdant.<\/p>\n<!-- \/wp:paragraph -->\n\n<!-- wp:paragraph -->\n<p>Aussi faudra-t-il int\u00e9grer les objectifs de durabilit\u00e9 et de bien-\u00eatre animal dans <strong>les politiques commerciales<\/strong> - donc le MOINS et MIEUX.<\/p>\n<!-- \/wp:paragraph -->\n\n<!-- wp:paragraph -->\n<p> <\/p>\n<!-- \/wp:paragraph -->","_fr_post_name":"pac-et-bien-etre-animal","_fr_post_excerpt":"","_fr_post_title":"PAC et bien-\u00eatre animal","_en_post_content":"<!-- wp:paragraph {\"align\":\"center\",\"fontSize\":\"large\"} -->\n<p class=\"has-text-align-center has-large-font-size\">Why and how can farm animal welfare be improved under the new CAP?<\/p>\n<!-- \/wp:paragraph -->\n\n<!-- wp:paragraph {\"align\":\"center\"} -->\n<p class=\"has-text-align-center\"><strong><a href=\"https:\/\/elevage-ethique.fr\/wp-content\/uploads\/2024\/01\/CAP-and-animal-welfare_FranceNatureEnvironnementGrandEst_sept2020.pdf\" target=\"_blank\" rel=\"noreferrer noopener\">Download the document<\/a><\/strong><\/p>\n<!-- \/wp:paragraph -->\n\n<!-- wp:paragraph -->\n<p><strong>Fewer animals and better welfare\u2026<\/strong> that's the challenge for the New Green Deal and for the CAP.<\/p>\n<!-- \/wp:paragraph -->\n\n<!-- wp:paragraph -->\n<p>The brochure addresses the issue of <strong>economic viability, a question of policy coherence<\/strong>.<\/p>\n<!-- \/wp:paragraph -->\n\n<!-- wp:paragraph -->\n<p>Since the publication of our document, the new CAP 2023-2027 has been validated. But everything that is written remains relevant and adaptable to the new cross-compliance, ecoscheme, 2nd pillar and common market organisation (CMO) scheme.<\/p>\n<!-- \/wp:paragraph -->\n\n<!-- wp:paragraph -->\n<p>The European Commission has opened up <strong>numerous possibilities<\/strong> for support to improve animal welfare, but without any obligation. The Member States, or the Regions, make use of them or not. Our text sets out the <strong>key issues<\/strong> and the criteria that would be relevant. It criticises the <strong>indicators<\/strong> currently in use, and proposes solid indicators. But competition for CAP funding is fierce, and animal welfare is losing out.<\/p>\n<!-- \/wp:paragraph -->\n\n<!-- wp:paragraph -->\n<p>Sustainability and animal welfare objectives will therefore have to be integrated into <strong>trade policies<\/strong> - in other words, LESS and BETTER. Animals are sentient beings, not merchandise.<\/p>\n<!-- \/wp:paragraph -->","_en_post_name":"","_en_post_excerpt":"","_en_post_title":"CAP and animal welfare","edit_language":"en","footnotes":""},"class_list":["post-146","page","type-page","status-publish","hentry"],"_links":{"self":[{"href":"https:\/\/elevage-ethique.fr\/en\/wp-json\/wp\/v2\/pages\/146","targetHints":{"allow":["GET"]}}],"collection":[{"href":"https:\/\/elevage-ethique.fr\/en\/wp-json\/wp\/v2\/pages"}],"about":[{"href":"https:\/\/elevage-ethique.fr\/en\/wp-json\/wp\/v2\/types\/page"}],"author":[{"embeddable":true,"href":"https:\/\/elevage-ethique.fr\/en\/wp-json\/wp\/v2\/users\/2"}],"replies":[{"embeddable":true,"href":"https:\/\/elevage-ethique.fr\/en\/wp-json\/wp\/v2\/comments?post=146"}],"version-history":[{"count":7,"href":"https:\/\/elevage-ethique.fr\/en\/wp-json\/wp\/v2\/pages\/146\/revisions"}],"predecessor-version":[{"id":566,"href":"https:\/\/elevage-ethique.fr\/en\/wp-json\/wp\/v2\/pages\/146\/revisions\/566"}],"up":[{"embeddable":true,"href":"https:\/\/elevage-ethique.fr\/en\/wp-json\/wp\/v2\/pages\/144"}],"wp:attachment":[{"href":"https:\/\/elevage-ethique.fr\/en\/wp-json\/wp\/v2\/media?parent=146"}],"curies":[{"name":"wp","href":"https:\/\/api.w.org\/{rel}","templated":true}]}}