{"id":142,"date":"2023-11-02T14:23:19","date_gmt":"2023-11-02T13:23:19","guid":{"rendered":"https:\/\/elevage-ethique.fr\/?page_id=142"},"modified":"2024-02-03T22:56:23","modified_gmt":"2024-02-03T21:56:23","slug":"","status":"publish","type":"page","link":"https:\/\/elevage-ethique.fr\/en\/publications\/pesticides\/","title":{"rendered":"72 pesticides and health. Diluted truth and war on animals.","raw":"72 pesticides and health. Diluted truth and war on animals."},"content":{"rendered":"\n<p class=\"has-text-align-center has-large-font-size\">A survey of 72 pesticides used in 12 municipalities in Alsace<\/p>\n\n\n\n<p class=\"has-text-align-center\"><strong><a href=\"https:\/\/elevage-ethique.fr\/wp-content\/uploads\/2024\/01\/AN-Brochure-enquete-pesticides-FINAL-WEB-1.pdf\" target=\"_blank\" rel=\"noreferrer noopener\">Download Pesticides pr\u00e8s de chez nous: quelle toxicit\u00e9?<\/a><\/strong> (French only)<\/p>\n\n\n\n<p class=\"has-text-align-left has-medium-font-size\">The survey consisted of listing the <strong>chronic effects on health of 89 pesticide substances<\/strong> used in 12 Alsace communes, according to 3 pesticide registers: the official European register, the Canadian SAgEpesticides register and the Pesticides Properties Database of the University of Herfortshire. <strong>The result is that official, regulatory, European information on the chronic health effects of pesticides, as presented to us on packaging labels, is seriously lacking. There is no trust to be had.<\/strong><\/p>\n\n\n\n<p class=\"has-text-align-left has-medium-font-size\">Over the years, we have seen a dribble of bans on pesticide substances classified as the most toxic (CMR), as if the other pesticide molecules, which are not currently in the spotlight, were acceptable (and not CMR or endocrine disrupters or neurotoxic\u2026). The merit of my work lies in having gone beyond such a focus (typically on glyphosate) by showing that <strong>the risks are much more diffuse than we are led to believe.<\/strong><\/p>\n\n\n\n<p class=\"has-text-align-left has-medium-font-size\">Next, a look at the regulatory framework shows the <strong>failings<\/strong> and even the <strong>intellectual fraud<\/strong> behind the approval procedures.<\/p>\n\n\n\n<p class=\"has-text-align-left has-medium-font-size\"><strong>The agrochemical sector<\/strong>, with their LD50s and other animal tortures, are guilty of <strong>complicity in cruelty <\/strong>in their objective, factual alliance with the mass production of meat and milk.<\/p>\n\n\n\n<p class=\"has-text-align-left has-medium-font-size\">Finally, the brochure shows <strong>the ways out of pesticides<\/strong>, with the <strong>alternatives<\/strong> developed in particular by <strong>organic farming<\/strong>, which is a well-trodden path that needs much more support.<\/p>\n\n\n\n<p class=\"has-text-align-left has-medium-font-size\">As far as <strong>the mobilisation of farmers at the start of 2024<\/strong> is concerned, the pressure they are exerting to maintain the use of dangerous molecules is seriously discrediting their movement and tarnishing the credibility of their leaders, who clearly lack the discernment or good faith to distinguish between economic constraints and distress that are the result of regulations that can be changed, and damage and constraints that are due to physicochemical and biological mechanisms that cannot be changed. And yet many of their demands are perfectly legitimate and can be shared.<\/p>\n\n\n\n<p class=\"has-text-align-left has-medium-font-size\">Learn more :<\/p>\n\n\n\n<p><a href=\"https:\/\/lebasic.com\/wp-content\/uploads\/2021\/11\/BASIC_Etude-Creation-de-Valeur-et-Couts-Societaux-Pesticides_20211125.pdf\" target=\"_blank\" rel=\"noreferrer noopener\">BASIC, Analyse de la cr\u00e9ation de valeur et des co\u00fbts cach\u00e9s des pesticides de synth\u00e8se, 2021<\/a><\/p>\n\n\n\n<p><\/p>\n\n\n\n<p><\/p>\n","protected":false,"raw":"<!-- wp:paragraph {\"align\":\"center\",\"fontSize\":\"large\"} -->\n<p class=\"has-text-align-center has-large-font-size\">A survey of 72 pesticides used in 12 municipalities in Alsace<\/p>\n<!-- \/wp:paragraph -->\n\n<!-- wp:paragraph {\"align\":\"center\"} -->\n<p class=\"has-text-align-center\"><strong><a href=\"https:\/\/elevage-ethique.fr\/wp-content\/uploads\/2024\/01\/AN-Brochure-enquete-pesticides-FINAL-WEB-1.pdf\" target=\"_blank\" rel=\"noreferrer noopener\">Download Pesticides pr\u00e8s de chez nous: quelle toxicit\u00e9?<\/a><\/strong> (French only)<\/p>\n<!-- \/wp:paragraph -->\n\n<!-- wp:paragraph {\"align\":\"left\",\"fontSize\":\"medium\"} -->\n<p class=\"has-text-align-left has-medium-font-size\">The survey consisted of listing the <strong>chronic effects on health of 89 pesticide substances<\/strong> used in 12 Alsace communes, according to 3 pesticide registers: the official European register, the Canadian SAgEpesticides register and the Pesticides Properties Database of the University of Herfortshire. <strong>The result is that official, regulatory, European information on the chronic health effects of pesticides, as presented to us on packaging labels, is seriously lacking. There is no trust to be had.<\/strong><\/p>\n<!-- \/wp:paragraph -->\n\n<!-- wp:paragraph {\"align\":\"left\",\"fontSize\":\"medium\"} -->\n<p class=\"has-text-align-left has-medium-font-size\">Over the years, we have seen a dribble of bans on pesticide substances classified as the most toxic (CMR), as if the other pesticide molecules, which are not currently in the spotlight, were acceptable (and not CMR or endocrine disrupters or neurotoxic\u2026). The merit of my work lies in having gone beyond such a focus (typically on glyphosate) by showing that <strong>the risks are much more diffuse than we are led to believe.<\/strong><\/p>\n<!-- \/wp:paragraph -->\n\n<!-- wp:paragraph {\"align\":\"left\",\"fontSize\":\"medium\"} -->\n<p class=\"has-text-align-left has-medium-font-size\">Next, a look at the regulatory framework shows the <strong>failings<\/strong> and even the <strong>intellectual fraud<\/strong> behind the approval procedures.<\/p>\n<!-- \/wp:paragraph -->\n\n<!-- wp:paragraph {\"align\":\"left\",\"fontSize\":\"medium\"} -->\n<p class=\"has-text-align-left has-medium-font-size\"><strong>The agrochemical sector<\/strong>, with their LD50s and other animal tortures, are guilty of <strong>complicity in cruelty <\/strong>in their objective, factual alliance with the mass production of meat and milk.<\/p>\n<!-- \/wp:paragraph -->\n\n<!-- wp:paragraph {\"align\":\"left\",\"fontSize\":\"medium\"} -->\n<p class=\"has-text-align-left has-medium-font-size\">Finally, the brochure shows <strong>the ways out of pesticides<\/strong>, with the <strong>alternatives<\/strong> developed in particular by <strong>organic farming<\/strong>, which is a well-trodden path that needs much more support.<\/p>\n<!-- \/wp:paragraph -->\n\n<!-- wp:paragraph {\"align\":\"left\",\"fontSize\":\"medium\"} -->\n<p class=\"has-text-align-left has-medium-font-size\">As far as <strong>the mobilisation of farmers at the start of 2024<\/strong> is concerned, the pressure they are exerting to maintain the use of dangerous molecules is seriously discrediting their movement and tarnishing the credibility of their leaders, who clearly lack the discernment or good faith to distinguish between economic constraints and distress that are the result of regulations that can be changed, and damage and constraints that are due to physicochemical and biological mechanisms that cannot be changed. And yet many of their demands are perfectly legitimate and can be shared.<\/p>\n<!-- \/wp:paragraph -->\n\n<!-- wp:paragraph {\"align\":\"left\",\"fontSize\":\"medium\"} -->\n<p class=\"has-text-align-left has-medium-font-size\">Learn more :<\/p>\n<!-- \/wp:paragraph -->\n\n<!-- wp:paragraph -->\n<p><a href=\"https:\/\/lebasic.com\/wp-content\/uploads\/2021\/11\/BASIC_Etude-Creation-de-Valeur-et-Couts-Societaux-Pesticides_20211125.pdf\" target=\"_blank\" rel=\"noreferrer noopener\">BASIC, Analyse de la cr\u00e9ation de valeur et des co\u00fbts cach\u00e9s des pesticides de synth\u00e8se, 2021<\/a><\/p>\n<!-- \/wp:paragraph -->\n\n<!-- wp:paragraph -->\n<p><\/p>\n<!-- \/wp:paragraph -->\n\n<!-- wp:paragraph -->\n<p><\/p>\n<!-- \/wp:paragraph -->"},"excerpt":{"rendered":"","protected":false,"raw":""},"author":2,"featured_media":0,"parent":144,"menu_order":1,"comment_status":"closed","ping_status":"closed","template":"","meta":{"_fr_post_content":"<!-- wp:paragraph {\"align\":\"center\",\"fontSize\":\"large\"} -->\n<p class=\"has-text-align-center has-large-font-size\">Une enqu\u00eate sur 72 produits pesticides utilis\u00e9s sur 12 communes d\u2019Alsace<\/p>\n<!-- \/wp:paragraph -->\n\n<!-- wp:paragraph {\"align\":\"center\"} -->\n<p class=\"has-text-align-center\"><a href=\"https:\/\/elevage-ethique.fr\/wp-content\/uploads\/2024\/01\/AN-Brochure-enquete-pesticides-FINAL-WEB.pdf\" target=\"_blank\" rel=\"noreferrer noopener\"><strong>t\u00e9l\u00e9chargez Pesticides pr\u00e8s de chez nous: quelle toxicit\u00e9 ?<\/strong><\/a><\/p>\n<!-- \/wp:paragraph -->\n\n<!-- wp:paragraph {\"align\":\"left\",\"fontSize\":\"medium\"} -->\n<p class=\"has-text-align-left has-medium-font-size\">L\u2019enqu\u00eate consistait \u00e0 r\u00e9pertorier <strong>les effets chroniques sur la sant\u00e9 de 89 substances pesticides<\/strong> utilis\u00e9s sur 12 communes d\u2019Alsace, selon 3 registres de pesticides : celui officiel de l\u2019Europe, le SAgEpesticides canadien et Pesticides Properties Database de l\u2019Universit\u00e9 de Herfortshire. Le r\u00e9sultat est que<strong> l\u2019information officielle, r\u00e8glementaire, europ\u00e9enne concernant les effets chroniques des pesticides sur la sant\u00e9, comme on nous la pr\u00e9sente sur les \u00e9tiquettes des emballages, est gravement lacunaire. Il n\u2019y a aucune confiance \u00e0 avoir.<\/strong><\/p>\n<!-- \/wp:paragraph -->\n\n<!-- wp:paragraph {\"align\":\"left\",\"fontSize\":\"medium\"} -->\n<p class=\"has-text-align-left has-medium-font-size\">Au fil des ann\u00e9es nous assistons \u00e0 des interdictions au compte-gouttes des substances pesticides class\u00e9es comme \u00e9tant les plus toxiques (CMR), comme si les autres mol\u00e9cules pesticides, qui ne sont pas sous les projecteurs de l\u2019instant, \u00e9taient acceptables (et non CMR ou perturbateurs endocriniens ou neurotoxiques\u2026). Le m\u00e9rite de mon travail est d\u2019avoir d\u00e9pass\u00e9 une telle focalisation (typiquement sur le glyphosate) en montrant que <strong>les risques sont beaucoup plus diffus que ce qu\u2019on veut nous faire croire.<\/strong><\/p>\n<!-- \/wp:paragraph -->\n\n<!-- wp:paragraph {\"fontSize\":\"medium\"} -->\n<p class=\"has-medium-font-size\">Ensuite, un regard sur le <strong>cadre r\u00e8glementaire<\/strong> montre les <strong>d\u00e9faillances<\/strong> et m\u00eame <strong>l\u2019escroquerie intellectuelle<\/strong> derri\u00e8re les <strong>proc\u00e9dures d\u2019homologation<\/strong>.<\/p>\n<!-- \/wp:paragraph -->\n\n<!-- wp:paragraph {\"fontSize\":\"medium\"} -->\n<p class=\"has-medium-font-size\"><strong>L\u2019agrochimie<\/strong>, avec ses DL50 et autres tortures d\u2019animaux, est coupable d\u2019une <strong>complicit\u00e9 de la cruaut\u00e9 <\/strong>dans son alliance objective, factuelle, avec la production de masse de viande et de lait.<\/p>\n<!-- \/wp:paragraph -->\n\n<!-- wp:paragraph {\"fontSize\":\"medium\"} -->\n<p class=\"has-medium-font-size\">Pour finir, la brochure montre <strong>les voies de la sortie des pesticides<\/strong>, avec les alternatives mises au point en particulier par <strong> l'agriculture biologique<\/strong>, qui est une voie d\u00e9j\u00e0 bien trac\u00e9e, \u00e0 soutenir beaucoup plus.<\/p>\n<!-- \/wp:paragraph -->\n\n<!-- wp:paragraph {\"fontSize\":\"medium\"} -->\n<p class=\"has-medium-font-size\"><strong>Pour ce qui concerne la mobilisation des agriculteurs en ce d\u00e9but de 2024<\/strong>, la pression qu\u2019ils exercent pour maintenir l\u2019utilisation de mol\u00e9cules dangereuses discr\u00e9dite gravement leur mouvement et entache la cr\u00e9dibilit\u00e9 de leurs leaders qui visiblement manquent de discernement ou de bonne foi leur permettant de faire la diff\u00e9rence entre des contraintes et d\u00e9tresses d\u2019ordre \u00e9conomique qui rel\u00e8vent de r\u00e9glementations que l\u2019on peut changer, et des dommages et contraintes relevant de m\u00e9canismes physicochimiques et biologiques qu\u2019on ne change pas. Alors qu\u2019un bon nombre de leurs revendications sont parfaitement l\u00e9gitimes et peuvent \u00eatre partag\u00e9es.<\/p>\n<!-- \/wp:paragraph -->\n\n<!-- wp:paragraph -->\n<p><\/p>\n<!-- \/wp:paragraph -->\n\n<!-- wp:paragraph {\"align\":\"left\",\"fontSize\":\"medium\"} -->\n<p class=\"has-text-align-left has-medium-font-size\">Pour en savoir plus :<\/p>\n<!-- \/wp:paragraph -->\n\n<!-- wp:paragraph -->\n<p><a href=\"https:\/\/lebasic.com\/wp-content\/uploads\/2021\/11\/BASIC_Etude-Creation-de-Valeur-et-Couts-Societaux-Pesticides_20211125.pdf\" target=\"_blank\" rel=\"noreferrer noopener\">BASIC, Analyse de la cr\u00e9ation de valeur et des co\u00fbts cach\u00e9s des pesticides de synth\u00e8se, 2021<\/a><\/p>\n<!-- \/wp:paragraph -->","_fr_post_name":"pesticides","_fr_post_excerpt":"","_fr_post_title":"72 pesticides et la sant\u00e9. V\u00e9rit\u00e9 dilu\u00e9e et guerre contre les animaux.","_en_post_content":"<!-- wp:paragraph {\"align\":\"center\",\"fontSize\":\"large\"} -->\n<p class=\"has-text-align-center has-large-font-size\">A survey of 72 pesticides used in 12 municipalities in Alsace<\/p>\n<!-- \/wp:paragraph -->\n\n<!-- wp:paragraph {\"align\":\"center\"} -->\n<p class=\"has-text-align-center\"><strong><a href=\"https:\/\/elevage-ethique.fr\/wp-content\/uploads\/2024\/01\/AN-Brochure-enquete-pesticides-FINAL-WEB-1.pdf\" target=\"_blank\" rel=\"noreferrer noopener\">Download Pesticides pr\u00e8s de chez nous: quelle toxicit\u00e9?<\/a><\/strong> (French only)<\/p>\n<!-- \/wp:paragraph -->\n\n<!-- wp:paragraph {\"align\":\"left\",\"fontSize\":\"medium\"} -->\n<p class=\"has-text-align-left has-medium-font-size\">The survey consisted of listing the <strong>chronic effects on health of 89 pesticide substances<\/strong> used in 12 Alsace communes, according to 3 pesticide registers: the official European register, the Canadian SAgEpesticides register and the Pesticides Properties Database of the University of Herfortshire. <strong>The result is that official, regulatory, European information on the chronic health effects of pesticides, as presented to us on packaging labels, is seriously lacking. There is no trust to be had.<\/strong><\/p>\n<!-- \/wp:paragraph -->\n\n<!-- wp:paragraph {\"align\":\"left\",\"fontSize\":\"medium\"} -->\n<p class=\"has-text-align-left has-medium-font-size\">Over the years, we have seen a dribble of bans on pesticide substances classified as the most toxic (CMR), as if the other pesticide molecules, which are not currently in the spotlight, were acceptable (and not CMR or endocrine disrupters or neurotoxic\u2026). The merit of my work lies in having gone beyond such a focus (typically on glyphosate) by showing that <strong>the risks are much more diffuse than we are led to believe.<\/strong><\/p>\n<!-- \/wp:paragraph -->\n\n<!-- wp:paragraph {\"align\":\"left\",\"fontSize\":\"medium\"} -->\n<p class=\"has-text-align-left has-medium-font-size\">Next, a look at the regulatory framework shows the <strong>failings<\/strong> and even the <strong>intellectual fraud<\/strong> behind the approval procedures.<\/p>\n<!-- \/wp:paragraph -->\n\n<!-- wp:paragraph {\"align\":\"left\",\"fontSize\":\"medium\"} -->\n<p class=\"has-text-align-left has-medium-font-size\"><strong>The agrochemical sector<\/strong>, with their LD50s and other animal tortures, are guilty of <strong>complicity in cruelty <\/strong>in their objective, factual alliance with the mass production of meat and milk.<\/p>\n<!-- \/wp:paragraph -->\n\n<!-- wp:paragraph {\"align\":\"left\",\"fontSize\":\"medium\"} -->\n<p class=\"has-text-align-left has-medium-font-size\">Finally, the brochure shows <strong>the ways out of pesticides<\/strong>, with the <strong>alternatives<\/strong> developed in particular by <strong>organic farming<\/strong>, which is a well-trodden path that needs much more support.<\/p>\n<!-- \/wp:paragraph -->\n\n<!-- wp:paragraph {\"align\":\"left\",\"fontSize\":\"medium\"} -->\n<p class=\"has-text-align-left has-medium-font-size\">As far as <strong>the mobilisation of farmers at the start of 2024<\/strong> is concerned, the pressure they are exerting to maintain the use of dangerous molecules is seriously discrediting their movement and tarnishing the credibility of their leaders, who clearly lack the discernment or good faith to distinguish between economic constraints and distress that are the result of regulations that can be changed, and damage and constraints that are due to physicochemical and biological mechanisms that cannot be changed. And yet many of their demands are perfectly legitimate and can be shared.<\/p>\n<!-- \/wp:paragraph -->\n\n<!-- wp:paragraph {\"align\":\"left\",\"fontSize\":\"medium\"} -->\n<p class=\"has-text-align-left has-medium-font-size\">Learn more :<\/p>\n<!-- \/wp:paragraph -->\n\n<!-- wp:paragraph -->\n<p><a href=\"https:\/\/lebasic.com\/wp-content\/uploads\/2021\/11\/BASIC_Etude-Creation-de-Valeur-et-Couts-Societaux-Pesticides_20211125.pdf\" target=\"_blank\" rel=\"noreferrer noopener\">BASIC, Analyse de la cr\u00e9ation de valeur et des co\u00fbts cach\u00e9s des pesticides de synth\u00e8se, 2021<\/a><\/p>\n<!-- \/wp:paragraph -->\n\n<!-- wp:paragraph -->\n<p><\/p>\n<!-- \/wp:paragraph -->\n\n<!-- wp:paragraph -->\n<p><\/p>\n<!-- \/wp:paragraph -->","_en_post_name":"","_en_post_excerpt":"","_en_post_title":"72 pesticides and health. Diluted truth and war on animals.","edit_language":"en","footnotes":""},"class_list":["post-142","page","type-page","status-publish","hentry"],"_links":{"self":[{"href":"https:\/\/elevage-ethique.fr\/en\/wp-json\/wp\/v2\/pages\/142","targetHints":{"allow":["GET"]}}],"collection":[{"href":"https:\/\/elevage-ethique.fr\/en\/wp-json\/wp\/v2\/pages"}],"about":[{"href":"https:\/\/elevage-ethique.fr\/en\/wp-json\/wp\/v2\/types\/page"}],"author":[{"embeddable":true,"href":"https:\/\/elevage-ethique.fr\/en\/wp-json\/wp\/v2\/users\/2"}],"replies":[{"embeddable":true,"href":"https:\/\/elevage-ethique.fr\/en\/wp-json\/wp\/v2\/comments?post=142"}],"version-history":[{"count":14,"href":"https:\/\/elevage-ethique.fr\/en\/wp-json\/wp\/v2\/pages\/142\/revisions"}],"predecessor-version":[{"id":565,"href":"https:\/\/elevage-ethique.fr\/en\/wp-json\/wp\/v2\/pages\/142\/revisions\/565"}],"up":[{"embeddable":true,"href":"https:\/\/elevage-ethique.fr\/en\/wp-json\/wp\/v2\/pages\/144"}],"wp:attachment":[{"href":"https:\/\/elevage-ethique.fr\/en\/wp-json\/wp\/v2\/media?parent=142"}],"curies":[{"name":"wp","href":"https:\/\/api.w.org\/{rel}","templated":true}]}}